{"id":4438,"date":"2016-01-05T21:18:08","date_gmt":"2016-01-05T20:18:08","guid":{"rendered":"https:\/\/www.acemisfrance-automatesmedicaux.com\/?page_id=4438"},"modified":"2021-07-06T16:31:26","modified_gmt":"2021-07-06T14:31:26","slug":"legal-notice","status":"publish","type":"page","link":"https:\/\/www.acemisfrance-automatesmedicaux.com\/en\/legal-notice\/","title":{"rendered":"Legal notice"},"content":{"rendered":"[vc_row type=&#8221;in_container&#8221; full_screen_row_position=&#8221;middle&#8221; column_margin=&#8221;default&#8221; column_direction=&#8221;default&#8221; column_direction_tablet=&#8221;default&#8221; column_direction_phone=&#8221;default&#8221; scene_position=&#8221;center&#8221; top_padding=&#8221;45&#8243; text_color=&#8221;dark&#8221; text_align=&#8221;left&#8221; row_border_radius=&#8221;none&#8221; row_border_radius_applies=&#8221;bg&#8221; overlay_strength=&#8221;0.3&#8243; gradient_direction=&#8221;left_to_right&#8221; shape_divider_position=&#8221;bottom&#8221; bg_image_animation=&#8221;none&#8221;][vc_column column_padding=&#8221;padding-4-percent&#8221; column_padding_tablet=&#8221;inherit&#8221; column_padding_phone=&#8221;inherit&#8221; column_padding_position=&#8221;all&#8221; column_element_spacing=&#8221;default&#8221; background_color_opacity=&#8221;1&#8243; background_hover_color_opacity=&#8221;1&#8243; column_shadow=&#8221;none&#8221; column_border_radius=&#8221;none&#8221; column_link_target=&#8221;_self&#8221; boxed=&#8221;true&#8221; gradient_direction=&#8221;left_to_right&#8221; overlay_strength=&#8221;0.3&#8243; width=&#8221;1\/2&#8243; tablet_width_inherit=&#8221;default&#8221; tablet_text_alignment=&#8221;default&#8221; phone_text_alignment=&#8221;default&#8221; bg_image_animation=&#8221;none&#8221; enable_animation=&#8221;true&#8221; animation=&#8221;fade-in-from-left&#8221; border_type=&#8221;simple&#8221; column_border_width=&#8221;none&#8221; column_border_style=&#8221;solid&#8221; delay=&#8221;100&#8243;][vc_column_text css_animation=&#8221;fadeIn&#8221;]\n<h2><strong>Presentation of our website<\/strong><\/h2>\n<p>In compliance with French law n\u00b0 2004-2005 of June, 21st 2004, article 6, for digital economy trust, it is in notice to the website users of different stakeholders involved in the conception and operation of the website:<\/p>\n<p><strong>Owner:<\/strong> ACEMIS FRANCE \u2013 SASU registered in France under Toulouse RCS registration n\u00b0 344 589 189 with share capital 76 224,51\u20ac &#8211; Intercommunity VAT n\u00b0: FR 70 344 589 189 &#8211; Headquarters located at 36 rue Aristide Berg\u00e8s \u2013 31270 CUGNAUX \u2013 France. Tel: (33)5 62 13 58 40.<\/p>\n[nectar_btn size=&#8221;medium&#8221; button_style=&#8221;regular&#8221; button_color_2=&#8221;Accent-Color&#8221; icon_family=&#8221;default_arrow&#8221; url=&#8221;\/en\/contact-us&#8221; text=&#8221;Contact us&#8221; css_animation=&#8221;fadeInLeft&#8221; margin_top=&#8221;0&#8243; margin_bottom=&#8221;20&#8243;]\n<p><strong>Conception:<\/strong> www.acemisfrance-automatesmedicaux.com was created by <a href=\"https:\/\/www.razat.fr\" target=\"_blank\" rel=\"noopener\">St\u00e9phane Razat Webdesigner in Toulouse<\/a>, France, micro company registered under the SIRET n\u00b0 814 435 640 00010, headquarters located in 8 rue du Chioula &#8211; 31240 L\u2019Union, France. Tel. +33(0)6 58 79 77 07.<\/p>\n<p><strong>Publication\u00a0manager<\/strong>: Patrick MARRE, as the legal or physical person \u2013 Contact: please use our contact form.<\/p>\n<p><strong>Web hosting<\/strong>: OCCITECH, SARL registered under the SIRET n\u00b0 487 768 616 00020, headquarters located in 12 route d\u2019Espagne \u2013 31100 Toulouse, France. Tel. +33 (0)5 61 40 54 92. Contact : contact[at]occitech.fr[\/vc_column_text][vc_column_text css_animation=&#8221;fadeIn&#8221; css=&#8221;.vc_custom_1505832414425{margin-top: 30px !important;}&#8221;]\n<h2><strong>General terms of use <\/strong><\/h2>\n<p><strong>\u00a0<\/strong>By using our website, the user completely accepts the general terms of use. The website is accessible to everyone, however, it is important to note that a maintenance interruption can be decided by ACEMIS FRANCE. Dates and time schedule for interruption will be pre-noticed to the users.<\/p>\n<h2><strong>Products or services\u00a0<\/strong><\/h2>\n<p>The website www.acemisfrance-automatesmedicaux.com, goal is to provide accurate information about services and products offered by ACEMIS FRANCE. Nevertheless, we do not warrant or represent the completeness or accuracy of the information published on our website, that the material on the website is up to date or that the website or any service on the website will remain available. All information published on the website is given as indication and can evolve. Moreover, data published on www.acemisfrance-automatesmedicaux.com are not exhaustive, they are subjective to change.<\/p>\n<h2><strong>Limitations of technical data<\/strong><\/h2>\n<p><strong>\u00a0<\/strong>Using JavaScript technology, website www.acemisfrance-automatesmedicaux.com cannot be responsible in case of damage linked to any misuse. Moreover, the user is entitled to use recent, virus less IT material, with last generation and up-to-date browser.<\/p>\n<h2><strong>Industrial and intellectual property <\/strong><\/h2>\n<p><strong>\u00a0<\/strong>Intellectual property rights and rights of use and reproduction of this website\u2019s pages, screen captures, logos, icons, sounds and all the information it contain, their appearance and design are exclusively owned by the company, unless otherwise stated.<\/p>\n<p>Any violation of copyrights is penalised by the article L.335-2 of the French Intellectual Property Code with 2 years\u2019 imprisonment and a 150,000\u20ac fine.<\/p>\n<p>Pictures right of use: Fotolia, 123RF, istockphoto, Ac\u00e9mis France.<\/p>\n<h2><strong>Limitations of liability<\/strong><\/h2>\n<p><strong>\u00a0<\/strong>ACEMIS FRANCE will not be liable of any direct or indirect damage caused to the user\u2019s material when using www.acemisfrance-automatesmedicaux.com website as the result of any material that does not match specifications in article 4 or in case of bug or incompatibility. We will not be liable to the user in respect of any business losses, including (without limitation) loss or damage to profits, income, revenue, use, production, anticipated savings, business, contracts, commercial opportunities or goodwill.<\/p>\n<p>Interactive pages (to ask a question in the contact form) are available to the user. We will not be liable for any injurious statement on our interactive pages and we reserve the right to supress all contents opposed to the company\u2019s values or French law and pursue civil and \/or penal liability of the users, especially in case of racist, injurious, defaming or pornographic statements.[\/vc_column_text][\/vc_column][vc_column column_padding=&#8221;padding-4-percent&#8221; column_padding_tablet=&#8221;inherit&#8221; column_padding_phone=&#8221;inherit&#8221; column_padding_position=&#8221;all&#8221; column_element_spacing=&#8221;default&#8221; background_color_opacity=&#8221;1&#8243; background_hover_color_opacity=&#8221;1&#8243; column_shadow=&#8221;none&#8221; column_border_radius=&#8221;none&#8221; column_link_target=&#8221;_self&#8221; boxed=&#8221;true&#8221; gradient_direction=&#8221;left_to_right&#8221; overlay_strength=&#8221;0.3&#8243; width=&#8221;1\/2&#8243; tablet_width_inherit=&#8221;default&#8221; tablet_text_alignment=&#8221;default&#8221; phone_text_alignment=&#8221;default&#8221; bg_image_animation=&#8221;none&#8221; enable_animation=&#8221;true&#8221; animation=&#8221;fade-in-from-right&#8221; border_type=&#8221;simple&#8221; column_border_width=&#8221;none&#8221; column_border_style=&#8221;solid&#8221; delay=&#8221;200&#8243;][vc_column_text css_animation=&#8221;fadeIn&#8221;]\n<h2><strong>Protection of personal data, respect of privacy and liberties<\/strong><\/h2>\n<p>In France, personal data is protected by law n\u00b0 78-87 of January 6th 1978, law n\u00b0 2004-801 of August 6th 2004, article L. 226-13 of Penal Code and European directive of October 24th 1995.<\/p>\n<p>When using www.acemisfrance-automatesmedicaux.com website, information about the user are collected, such as: URL from which the user acceded, their browser as well as their IP (Internet Protocol) address. In any case, your personal data, resulting from this communication is stored in a file that is a property of ACEMIS FRANCE. The purpose of this file is to manage the business relation and to inform the users of our products through our contact form and newsletter. This data will not be revealed to third parties, what so ever. The user gives this information with full knowledge, especially as they fill in the form themselves. It is specified whether fields are mandatory or not. This data is treated by COMPULSE Agency, in charge of our newsletters treatment.<\/p>\n<p>Database collection is protected by law of July 1<sup>st<\/sup> 1998 applying Directive 96\/9 of March 11<sup>th<\/sup> 1996 regarding database legal protection.<\/p>\n<p>The website www.acemisfrance-automatesmedicaux.com, is registered at the French CNIL (Commission Nationale Informatique et Libert\u00e9s) under registration n\u00b0: 1256812.<\/p>\n<p>In accordance with provisions 38 and following of law \u201cInformation Technologies and Liberties\u201d n\u00b0 78-17 of January 6th 1978 regarding IT, database and individual liberties, the user has a right of access, rectification, cancellation or opposition of his personal data. In order to exercise your right you must address a written and signed request to: ACEMIS 36 rue Aristide Berg\u00e8s \u2013 31270 CUGNAUX \u2013 France, with a copy of ID card, your signature and the return address for the answer.<\/p>\n<h2><strong>Hyperlinks and cookies<\/strong><\/h2>\n<p><strong>\u00a0<\/strong><a href=\"http:\/\/www.acemisfrance-automatesmedicaux.com\">www.acemisfrance-automatesmedicaux.com<\/a> uses hyperlinks pointing to other websites, with ACEMIS FRANCE\u2019s agreement. However, ACEMIS FRANCE cannot check those website\u2019s contents so that we cannot warranty the accuracy of information published on these Internet websites.<\/p>\n<p>When using <a href=\"http:\/\/www.acemisfrance-automatesmedicaux.com\">www.acemisfrance-automatesmedicaux.com<\/a>, cookies can be installed on your browser. A cookie is a small size file, which cannot give the user\u2019s identification but which records information regarding navigation of a computer on a website. Data collected aims at improving navigation on the website as well as perform web analytics to make the site clearer and more pleasant to use. The user can block cookies installation in the browser options settings. However, ACEMIS FRANCE is not responsible in case that the deactivation of cookies prevents the correct functioning of the website. To prevent new cookies from being installed:<\/p>\n<p><strong>Internet Explorer 9.0+<\/strong>: go to Tools in the menu bar, click on Internet Options, click on the Privacy tab on top, move the slider up to the &#8220;Block all Cookies&#8221; button.<\/p>\n<p><strong>Internet Explorer 8.0+:<\/strong> go to Tools in the menu bar, click on Internet Options, click on the Privacy tab on top, click on &#8220;Sites&#8221;, a new window should open called &#8220;Per Site Privacy Actions&#8221;, type in the URL of the site in the &#8220;Address of website&#8221; box and click on Block.<\/p>\n<p><strong>Internet Explorer 7.0+:<\/strong> go to Tools in the menu bar, click on Options, click on the Privacy tab on top, click on the Advanced button, select &#8220;Prompt&#8221; for both &#8220;First party cookies&#8221; and &#8220;Third Party Cookies&#8221;.<\/p>\n<p><strong>Firefox 20+, 30+, 40+:<\/strong> go to Tools in the menu bar, click on Options, click on the Privacy tab, disable the box that says &#8220;Accept Cookies From sites&#8221;.<\/p>\n<p><strong>Google Chrome:<\/strong> click on the spanner icon in the top right of the browser, click on &#8220;Options&#8221;, click on &#8220;Under the Bonnet&#8221; (UK) \/ &#8220;Under the Hood&#8221; (US), click on the &#8220;Content settings&#8221; button in the Privacy section, ensure that &#8220;Allow local data to be set&#8221; is selected, select &#8220;Block sites from setting any data&#8221;.<\/p>\n<p><strong>Safari:<\/strong> go to the Safari menu (icon in top right of browser) and select Preferences, in the popup window that appears, select the Security icon (a padlock), under &#8220;Accept Cookies&#8221;, select the &#8220;Never&#8221; button.<\/p>\n<h2><strong>Law and jurisdiction<\/strong><\/h2>\n<p><strong>\u00a0<\/strong>This disclaimer shall be governed by and construed in accordance with French law. Any disputes relating to this disclaimer are subjective to the exclusive non-jurisdiction of the court of Toulouse, France.<\/p>\n<p>Main law involved are: law n\u00b0 78-17 of January 6th 1978, modified by law n\u00b0 2004-801 of August 6th 2004 regarding IT, database and liberties; law n\u00b0 2004-575 of June 21st 2004 of digital economy trust.[\/vc_column_text][\/vc_column][\/vc_row]\n","protected":false},"excerpt":{"rendered":"<p>[vc_row type=&#8221;in_container&#8221; full_screen_row_position=&#8221;middle&#8221; column_margin=&#8221;default&#8221; column_direction=&#8221;default&#8221; column_direction_tablet=&#8221;default&#8221; column_direction_phone=&#8221;default&#8221; scene_position=&#8221;center&#8221; top_padding=&#8221;45&#8243; text_color=&#8221;dark&#8221; text_align=&#8221;left&#8221; row_border_radius=&#8221;none&#8221; row_border_radius_applies=&#8221;bg&#8221; overlay_strength=&#8221;0.3&#8243; gradient_direction=&#8221;left_to_right&#8221; shape_divider_position=&#8221;bottom&#8221; bg_image_animation=&#8221;none&#8221;][vc_column column_padding=&#8221;padding-4-percent&#8221; column_padding_tablet=&#8221;inherit&#8221; column_padding_phone=&#8221;inherit&#8221; column_padding_position=&#8221;all&#8221; column_element_spacing=&#8221;default&#8221; background_color_opacity=&#8221;1&#8243; background_hover_color_opacity=&#8221;1&#8243; column_shadow=&#8221;none&#8221; column_border_radius=&#8221;none&#8221; column_link_target=&#8221;_self&#8221; boxed=&#8221;true&#8221; gradient_direction=&#8221;left_to_right&#8221; overlay_strength=&#8221;0.3&#8243;&#8230;<\/p>\n","protected":false},"author":3,"featured_media":0,"parent":0,"menu_order":0,"comment_status":"closed","ping_status":"closed","template":"","meta":{"footnotes":""},"class_list":["post-4438","page","type-page","status-publish"],"yoast_head":"<!-- This site is optimized with the Yoast SEO plugin v27.5 - https:\/\/yoast.com\/product\/yoast-seo-wordpress\/ -->\n<title>Legal notice - AC\u00c9MIS FRANCE AUTOMATES M\u00c9DICAUX<\/title>\n<meta name=\"robots\" content=\"index, follow, max-snippet:-1, max-image-preview:large, max-video-preview:-1\" \/>\n<link rel=\"canonical\" href=\"https:\/\/www.acemisfrance-automatesmedicaux.com\/en\/legal-notice\/\" \/>\n<meta property=\"og:locale\" content=\"en_US\" \/>\n<meta property=\"og:type\" content=\"article\" \/>\n<meta property=\"og:title\" content=\"Legal notice - AC\u00c9MIS FRANCE AUTOMATES M\u00c9DICAUX\" \/>\n<meta property=\"og:description\" content=\"[vc_row type=&#8221;in_container&#8221; full_screen_row_position=&#8221;middle&#8221; column_margin=&#8221;default&#8221; column_direction=&#8221;default&#8221; column_direction_tablet=&#8221;default&#8221; column_direction_phone=&#8221;default&#8221; scene_position=&#8221;center&#8221; top_padding=&#8221;45&#8243; text_color=&#8221;dark&#8221; text_align=&#8221;left&#8221; row_border_radius=&#8221;none&#8221; row_border_radius_applies=&#8221;bg&#8221; overlay_strength=&#8221;0.3&#8243; gradient_direction=&#8221;left_to_right&#8221; shape_divider_position=&#8221;bottom&#8221; bg_image_animation=&#8221;none&#8221;][vc_column column_padding=&#8221;padding-4-percent&#8221; column_padding_tablet=&#8221;inherit&#8221; column_padding_phone=&#8221;inherit&#8221; column_padding_position=&#8221;all&#8221; column_element_spacing=&#8221;default&#8221; background_color_opacity=&#8221;1&#8243; background_hover_color_opacity=&#8221;1&#8243; column_shadow=&#8221;none&#8221; column_border_radius=&#8221;none&#8221; column_link_target=&#8221;_self&#8221; boxed=&#8221;true&#8221; gradient_direction=&#8221;left_to_right&#8221; overlay_strength=&#8221;0.3&#8243;...\" \/>\n<meta property=\"og:url\" content=\"https:\/\/www.acemisfrance-automatesmedicaux.com\/en\/legal-notice\/\" \/>\n<meta property=\"og:site_name\" content=\"AC\u00c9MIS FRANCE AUTOMATES M\u00c9DICAUX\" \/>\n<meta property=\"article:modified_time\" content=\"2021-07-06T14:31:26+00:00\" \/>\n<meta name=\"twitter:card\" content=\"summary_large_image\" \/>\n<meta name=\"twitter:label1\" content=\"Est. reading time\" \/>\n\t<meta name=\"twitter:data1\" content=\"8 minutes\" \/>\n<script type=\"application\/ld+json\" class=\"yoast-schema-graph\">{\"@context\":\"https:\\\/\\\/schema.org\",\"@graph\":[{\"@type\":\"WebPage\",\"@id\":\"https:\\\/\\\/www.acemisfrance-automatesmedicaux.com\\\/en\\\/legal-notice\\\/\",\"url\":\"https:\\\/\\\/www.acemisfrance-automatesmedicaux.com\\\/en\\\/legal-notice\\\/\",\"name\":\"Legal notice - AC\u00c9MIS FRANCE AUTOMATES M\u00c9DICAUX\",\"isPartOf\":{\"@id\":\"https:\\\/\\\/www.acemisfrance-automatesmedicaux.com\\\/en\\\/#website\"},\"datePublished\":\"2016-01-05T20:18:08+00:00\",\"dateModified\":\"2021-07-06T14:31:26+00:00\",\"breadcrumb\":{\"@id\":\"https:\\\/\\\/www.acemisfrance-automatesmedicaux.com\\\/en\\\/legal-notice\\\/#breadcrumb\"},\"inLanguage\":\"en-US\",\"potentialAction\":[{\"@type\":\"ReadAction\",\"target\":[\"https:\\\/\\\/www.acemisfrance-automatesmedicaux.com\\\/en\\\/legal-notice\\\/\"]}]},{\"@type\":\"BreadcrumbList\",\"@id\":\"https:\\\/\\\/www.acemisfrance-automatesmedicaux.com\\\/en\\\/legal-notice\\\/#breadcrumb\",\"itemListElement\":[{\"@type\":\"ListItem\",\"position\":1,\"name\":\"Accueil\",\"item\":\"https:\\\/\\\/www.acemisfrance-automatesmedicaux.com\\\/en\\\/acemis-france-automatic-blood-component\\\/\"},{\"@type\":\"ListItem\",\"position\":2,\"name\":\"Legal notice\"}]},{\"@type\":\"WebSite\",\"@id\":\"https:\\\/\\\/www.acemisfrance-automatesmedicaux.com\\\/en\\\/#website\",\"url\":\"https:\\\/\\\/www.acemisfrance-automatesmedicaux.com\\\/en\\\/\",\"name\":\"AC\u00c9MIS FRANCE AUTOMATES M\u00c9DICAUX\",\"description\":\"AC\u00c9MIS France automates m\u00e9dicaux con\u00e7oit et fabrique des automates de s\u00e9paration des composants du sang\",\"publisher\":{\"@id\":\"https:\\\/\\\/www.acemisfrance-automatesmedicaux.com\\\/en\\\/#organization\"},\"potentialAction\":[{\"@type\":\"SearchAction\",\"target\":{\"@type\":\"EntryPoint\",\"urlTemplate\":\"https:\\\/\\\/www.acemisfrance-automatesmedicaux.com\\\/en\\\/?s={search_term_string}\"},\"query-input\":{\"@type\":\"PropertyValueSpecification\",\"valueRequired\":true,\"valueName\":\"search_term_string\"}}],\"inLanguage\":\"en-US\"},{\"@type\":\"Organization\",\"@id\":\"https:\\\/\\\/www.acemisfrance-automatesmedicaux.com\\\/en\\\/#organization\",\"name\":\"Ac\u00e9mis France Automates M\u00e9dicaux\",\"url\":\"https:\\\/\\\/www.acemisfrance-automatesmedicaux.com\\\/en\\\/\",\"logo\":{\"@type\":\"ImageObject\",\"inLanguage\":\"en-US\",\"@id\":\"https:\\\/\\\/www.acemisfrance-automatesmedicaux.com\\\/en\\\/#\\\/schema\\\/logo\\\/image\\\/\",\"url\":\"https:\\\/\\\/www.acemisfrance-automatesmedicaux.com\\\/wp-content\\\/uploads\\\/2017\\\/08\\\/logo-light.png\",\"contentUrl\":\"https:\\\/\\\/www.acemisfrance-automatesmedicaux.com\\\/wp-content\\\/uploads\\\/2017\\\/08\\\/logo-light.png\",\"width\":289,\"height\":49,\"caption\":\"Ac\u00e9mis France Automates M\u00e9dicaux\"},\"image\":{\"@id\":\"https:\\\/\\\/www.acemisfrance-automatesmedicaux.com\\\/en\\\/#\\\/schema\\\/logo\\\/image\\\/\"}}]}<\/script>\n<!-- \/ Yoast SEO plugin. -->","yoast_head_json":{"title":"Legal notice - AC\u00c9MIS FRANCE AUTOMATES M\u00c9DICAUX","robots":{"index":"index","follow":"follow","max-snippet":"max-snippet:-1","max-image-preview":"max-image-preview:large","max-video-preview":"max-video-preview:-1"},"canonical":"https:\/\/www.acemisfrance-automatesmedicaux.com\/en\/legal-notice\/","og_locale":"en_US","og_type":"article","og_title":"Legal notice - AC\u00c9MIS FRANCE AUTOMATES M\u00c9DICAUX","og_description":"[vc_row type=&#8221;in_container&#8221; full_screen_row_position=&#8221;middle&#8221; column_margin=&#8221;default&#8221; column_direction=&#8221;default&#8221; column_direction_tablet=&#8221;default&#8221; column_direction_phone=&#8221;default&#8221; scene_position=&#8221;center&#8221; top_padding=&#8221;45&#8243; text_color=&#8221;dark&#8221; text_align=&#8221;left&#8221; row_border_radius=&#8221;none&#8221; row_border_radius_applies=&#8221;bg&#8221; overlay_strength=&#8221;0.3&#8243; gradient_direction=&#8221;left_to_right&#8221; shape_divider_position=&#8221;bottom&#8221; bg_image_animation=&#8221;none&#8221;][vc_column column_padding=&#8221;padding-4-percent&#8221; column_padding_tablet=&#8221;inherit&#8221; column_padding_phone=&#8221;inherit&#8221; column_padding_position=&#8221;all&#8221; column_element_spacing=&#8221;default&#8221; background_color_opacity=&#8221;1&#8243; background_hover_color_opacity=&#8221;1&#8243; column_shadow=&#8221;none&#8221; column_border_radius=&#8221;none&#8221; column_link_target=&#8221;_self&#8221; boxed=&#8221;true&#8221; gradient_direction=&#8221;left_to_right&#8221; overlay_strength=&#8221;0.3&#8243;...","og_url":"https:\/\/www.acemisfrance-automatesmedicaux.com\/en\/legal-notice\/","og_site_name":"AC\u00c9MIS FRANCE AUTOMATES M\u00c9DICAUX","article_modified_time":"2021-07-06T14:31:26+00:00","twitter_card":"summary_large_image","twitter_misc":{"Est. reading time":"8 minutes"},"schema":{"@context":"https:\/\/schema.org","@graph":[{"@type":"WebPage","@id":"https:\/\/www.acemisfrance-automatesmedicaux.com\/en\/legal-notice\/","url":"https:\/\/www.acemisfrance-automatesmedicaux.com\/en\/legal-notice\/","name":"Legal notice - AC\u00c9MIS FRANCE AUTOMATES M\u00c9DICAUX","isPartOf":{"@id":"https:\/\/www.acemisfrance-automatesmedicaux.com\/en\/#website"},"datePublished":"2016-01-05T20:18:08+00:00","dateModified":"2021-07-06T14:31:26+00:00","breadcrumb":{"@id":"https:\/\/www.acemisfrance-automatesmedicaux.com\/en\/legal-notice\/#breadcrumb"},"inLanguage":"en-US","potentialAction":[{"@type":"ReadAction","target":["https:\/\/www.acemisfrance-automatesmedicaux.com\/en\/legal-notice\/"]}]},{"@type":"BreadcrumbList","@id":"https:\/\/www.acemisfrance-automatesmedicaux.com\/en\/legal-notice\/#breadcrumb","itemListElement":[{"@type":"ListItem","position":1,"name":"Accueil","item":"https:\/\/www.acemisfrance-automatesmedicaux.com\/en\/acemis-france-automatic-blood-component\/"},{"@type":"ListItem","position":2,"name":"Legal notice"}]},{"@type":"WebSite","@id":"https:\/\/www.acemisfrance-automatesmedicaux.com\/en\/#website","url":"https:\/\/www.acemisfrance-automatesmedicaux.com\/en\/","name":"AC\u00c9MIS FRANCE AUTOMATES M\u00c9DICAUX","description":"AC\u00c9MIS France automates m\u00e9dicaux con\u00e7oit et fabrique des automates de s\u00e9paration des composants du sang","publisher":{"@id":"https:\/\/www.acemisfrance-automatesmedicaux.com\/en\/#organization"},"potentialAction":[{"@type":"SearchAction","target":{"@type":"EntryPoint","urlTemplate":"https:\/\/www.acemisfrance-automatesmedicaux.com\/en\/?s={search_term_string}"},"query-input":{"@type":"PropertyValueSpecification","valueRequired":true,"valueName":"search_term_string"}}],"inLanguage":"en-US"},{"@type":"Organization","@id":"https:\/\/www.acemisfrance-automatesmedicaux.com\/en\/#organization","name":"Ac\u00e9mis France Automates M\u00e9dicaux","url":"https:\/\/www.acemisfrance-automatesmedicaux.com\/en\/","logo":{"@type":"ImageObject","inLanguage":"en-US","@id":"https:\/\/www.acemisfrance-automatesmedicaux.com\/en\/#\/schema\/logo\/image\/","url":"https:\/\/www.acemisfrance-automatesmedicaux.com\/wp-content\/uploads\/2017\/08\/logo-light.png","contentUrl":"https:\/\/www.acemisfrance-automatesmedicaux.com\/wp-content\/uploads\/2017\/08\/logo-light.png","width":289,"height":49,"caption":"Ac\u00e9mis France Automates M\u00e9dicaux"},"image":{"@id":"https:\/\/www.acemisfrance-automatesmedicaux.com\/en\/#\/schema\/logo\/image\/"}}]}},"_links":{"self":[{"href":"https:\/\/www.acemisfrance-automatesmedicaux.com\/en\/wp-json\/wp\/v2\/pages\/4438","targetHints":{"allow":["GET"]}}],"collection":[{"href":"https:\/\/www.acemisfrance-automatesmedicaux.com\/en\/wp-json\/wp\/v2\/pages"}],"about":[{"href":"https:\/\/www.acemisfrance-automatesmedicaux.com\/en\/wp-json\/wp\/v2\/types\/page"}],"author":[{"embeddable":true,"href":"https:\/\/www.acemisfrance-automatesmedicaux.com\/en\/wp-json\/wp\/v2\/users\/3"}],"replies":[{"embeddable":true,"href":"https:\/\/www.acemisfrance-automatesmedicaux.com\/en\/wp-json\/wp\/v2\/comments?post=4438"}],"version-history":[{"count":0,"href":"https:\/\/www.acemisfrance-automatesmedicaux.com\/en\/wp-json\/wp\/v2\/pages\/4438\/revisions"}],"wp:attachment":[{"href":"https:\/\/www.acemisfrance-automatesmedicaux.com\/en\/wp-json\/wp\/v2\/media?parent=4438"}],"curies":[{"name":"wp","href":"https:\/\/api.w.org\/{rel}","templated":true}]}}